{"id":2485,"date":"2020-05-15T04:45:19","date_gmt":"2020-05-15T04:45:19","guid":{"rendered":"http:\/\/localhost\/theratio\/?page_id=2485"},"modified":"2025-05-21T11:14:17","modified_gmt":"2025-05-21T09:14:17","slug":"conseil-conception","status":"publish","type":"page","link":"https:\/\/sphere-amenagement.fr\/index.php\/conseil-conception\/","title":{"rendered":"Conseil &#038; Conception"},"content":{"rendered":"\t\t<div data-elementor-type=\"wp-page\" data-elementor-id=\"2485\" class=\"elementor elementor-2485\">\n\t\t\t\t\t\t<section class=\"elementor-section elementor-top-section elementor-element elementor-element-8807e2c elementor-section-boxed elementor-section-height-default elementor-section-height-default\" data-id=\"8807e2c\" data-element_type=\"section\">\n\t\t\t\t\t\t<div class=\"elementor-container elementor-column-gap-extended\">\n\t\t\t\t\t<div class=\"elementor-column elementor-col-50 elementor-top-column elementor-element elementor-element-1633759 ot-flex-column-vertical\" data-id=\"1633759\" data-element_type=\"column\">\n\t\t\t<div class=\"elementor-widget-wrap elementor-element-populated\">\n\t\t\t\t\t\t<div class=\"elementor-element elementor-element-f159f56 widget-area elementor-widget elementor-widget-sidebar\" data-id=\"f159f56\" data-element_type=\"widget\" data-widget_type=\"sidebar.default\">\n\t\t\t\t<div class=\"elementor-widget-container\">\n\t\t\t\t\t<section id=\"nav_menu-1\" class=\"widget widget_nav_menu\"><div class=\"menu-menu-one-page-container\"><ul id=\"menu-menu-one-page\" class=\"menu\"><li id=\"menu-item-4860\" class=\"menu-item menu-item-type-post_type menu-item-object-page menu-item-4860\"><a href=\"https:\/\/sphere-amenagement.fr\/index.php\/conseil-conception\/\">Conseil &#038; Conception<\/a><\/li>\n<li id=\"menu-item-4859\" class=\"menu-item menu-item-type-post_type menu-item-object-page menu-item-4859\"><a href=\"https:\/\/sphere-amenagement.fr\/index.php\/realisation\/\">R\u00e9alisation<\/a><\/li>\n<li id=\"menu-item-4858\" class=\"menu-item menu-item-type-post_type menu-item-object-page menu-item-4858\"><a href=\"https:\/\/sphere-amenagement.fr\/index.php\/mobilier\/\">Mobilier<\/a><\/li>\n<li id=\"menu-item-4857\" class=\"menu-item menu-item-type-post_type menu-item-object-page menu-item-4857\"><a href=\"https:\/\/sphere-amenagement.fr\/index.php\/sav-maintenance\/\">SAV &#038; Maintenance<\/a><\/li>\n<\/ul><\/div><\/section>\t\t\t\t<\/div>\n\t\t\t\t<\/div>\n\t\t\t\t\t<\/div>\n\t\t<\/div>\n\t\t\t\t<div class=\"elementor-column elementor-col-50 elementor-top-column elementor-element elementor-element-5716d59 ot-flex-column-vertical\" data-id=\"5716d59\" data-element_type=\"column\">\n\t\t\t<div class=\"elementor-widget-wrap elementor-element-populated\">\n\t\t\t\t\t\t<div class=\"elementor-element elementor-element-3719cf2 elementor-widget elementor-widget-iheading\" data-id=\"3719cf2\" data-element_type=\"widget\" data-widget_type=\"iheading.default\">\n\t\t\t\t<div class=\"elementor-widget-container\">\n\t\t\t\t\t\t\t<div class=\"ot-heading \">\r\n\t        \t            <span>[ Avant projet ]<\/span>\r\n\t        \t        <h2 class=\"main-heading\">Nous assurons une prestation compl\u00e8te, de la conception \u00e0 la r\u00e9alisation<\/h2>\r\n\t        \t    <\/div>\r\n\t    \t\t\t\t<\/div>\n\t\t\t\t<\/div>\n\t\t\t\t<div class=\"elementor-element elementor-element-e145324 elementor-widget elementor-widget-text-editor\" data-id=\"e145324\" data-element_type=\"widget\" data-widget_type=\"text-editor.default\">\n\t\t\t\t<div class=\"elementor-widget-container\">\n\t\t\t\t\t\t\t\t\t<p><strong>Notre mission au cours de la phase Avant-Projet :<\/strong><\/p><ol><li>R\u00e9unions pr\u00e9paratoires et visites sur site nous permettant de d\u00e9finir le cahier des charges.<\/li><li>Elaboration des plans d\u2019\u00e9tudes par nos architectes (APS)<\/li><li>Proposition de mat\u00e9riaux<\/li><li>D\u00e9finition et validation d\u2019un pr\u00e9-planning<\/li><li>Transmission d\u2019une proposition commerciale<\/li><\/ol>\t\t\t\t\t\t\t\t<\/div>\n\t\t\t\t<\/div>\n\t\t\t\t<div class=\"elementor-element elementor-element-182f751 elementor-widget elementor-widget-theratio-image-carousel\" data-id=\"182f751\" data-element_type=\"widget\" data-widget_type=\"theratio-image-carousel.default\">\n\t\t\t\t<div class=\"elementor-widget-container\">\n\t\t\t\t\t\r\n\t\t<div class=\"image-carousel swiper-container\" data-slider_options=\"{&quot;slides_show_desktop&quot;:2,&quot;slides_show_tablet&quot;:2,&quot;slides_show_mobile&quot;:2,&quot;slides_scroll_desktop&quot;:1,&quot;slides_scroll_tablet&quot;:1,&quot;slides_scroll_mobile&quot;:1,&quot;margin_desktop&quot;:30,&quot;margin_tablet&quot;:30,&quot;margin_mobile&quot;:30,&quot;arrows&quot;:true,&quot;dots&quot;:false}\"  >\t\t\t\r\n\t\t\t<div class=\"swiper-wrapper\">\r\n\t\t        <div class=\"swiper-slide\"><div class=\"img-item\"><figure><img decoding=\"async\" src=\"https:\/\/sphere-amenagement.fr\/wp-content\/uploads\/2023\/02\/conception-1.jpg\" alt=\"\"><\/figure><\/div><\/div><div class=\"swiper-slide\"><div class=\"img-item\"><figure><img decoding=\"async\" src=\"https:\/\/sphere-amenagement.fr\/wp-content\/uploads\/2023\/02\/conception-2.jpg\" alt=\"\"><\/figure><\/div><\/div>\t\t    <\/div>\r\n\r\n\t\t\t\t\t\t\t\t\t<!-- Add Arrows -->\r\n\t\t\t<div class=\"octf-swiper-button-next\"><i class=\"ot-flaticon-right-arrow\"><\/i><\/div>\r\n\t\t\t<div class=\"octf-swiper-button-prev\"><i class=\"ot-flaticon-left-arrow\"><\/i><\/div>\r\n\t\t\t\t    <\/div>\r\n\t\t\t\t\t\t<\/div>\n\t\t\t\t<\/div>\n\t\t\t\t<div class=\"elementor-element elementor-element-4fc6566 elementor-widget elementor-widget-text-editor\" data-id=\"4fc6566\" data-element_type=\"widget\" data-widget_type=\"text-editor.default\">\n\t\t\t\t<div class=\"elementor-widget-container\">\n\t\t\t\t\t\t\t\t\t<p><strong>Nos secteurs d&rsquo;intervention :\u00a0<\/strong><\/p><ul><li>Immeuble de bureaux et d\u2019activit\u00e9<\/li><li>Plateforme logistique et technique<\/li><li>Salle d\u2019informatique, data center<\/li><li>Salle blanche<\/li><li>Centre m\u00e9dicaux<\/li><li>Ecole, centre de formation, cr\u00e8ches<\/li><li>Magasins<\/li><\/ul><p><strong>\u00a0<\/strong><\/p><p><strong>Nos atouts :\u00a0<\/strong><\/p><ul><li>Une \u00e9quipe d\u00e9di\u00e9e impliqu\u00e9e de la conception jusqu\u2019\u00e0 la r\u00e9alisation\u00a0<\/li><li>Un planning optimis\u00e9 gr\u00e2ce \u00e0 la coordination de nos \u00e9quipes<\/li><li>Un co\u00fbt ma\u00eetris\u00e9 gr\u00e2ce \u00e0 une bonne connaissance du m\u00e9tier<\/li><li>Une r\u00e9activit\u00e9 accrue<\/li><li>Une garantie de parfait ach\u00e8vement<\/li><\/ul>\t\t\t\t\t\t\t\t<\/div>\n\t\t\t\t<\/div>\n\t\t\t\t<div class=\"elementor-element elementor-element-325c8a2 elementor-widget elementor-widget-image\" data-id=\"325c8a2\" data-element_type=\"widget\" data-widget_type=\"image.default\">\n\t\t\t\t<div class=\"elementor-widget-container\">\n\t\t\t\t\t\t\t\t\t\t\t\t\t\t\t<img fetchpriority=\"high\" decoding=\"async\" width=\"870\" height=\"520\" src=\"https:\/\/sphere-amenagement.fr\/wp-content\/uploads\/2023\/02\/conception-3.jpg\" class=\"attachment-full size-full wp-image-4873\" alt=\"Architecte focalis\u00e9e sur son travail\" srcset=\"https:\/\/sphere-amenagement.fr\/wp-content\/uploads\/2023\/02\/conception-3.jpg 870w, https:\/\/sphere-amenagement.fr\/wp-content\/uploads\/2023\/02\/conception-3-300x179.jpg 300w, https:\/\/sphere-amenagement.fr\/wp-content\/uploads\/2023\/02\/conception-3-768x459.jpg 768w\" sizes=\"(max-width: 870px) 100vw, 870px\" \/>\t\t\t\t\t\t\t\t\t\t\t\t\t\t\t<\/div>\n\t\t\t\t<\/div>\n\t\t\t\t\t<\/div>\n\t\t<\/div>\n\t\t\t\t\t<\/div>\n\t\t<\/section>\n\t\t\t\t<\/div>\n\t\t","protected":false},"excerpt":{"rendered":"<p>[ Avant projet ] Nous assurons une prestation compl\u00e8te, de la conception \u00e0 la r\u00e9alisation Notre mission au cours de la phase Avant-Projet : R\u00e9unions pr\u00e9paratoires et visites sur site nous permettant de d\u00e9finir le cahier des charges. Elaboration des plans d\u2019\u00e9tudes par nos architectes (APS) Proposition de mat\u00e9riaux D\u00e9finition et validation d\u2019un pr\u00e9-planning Transmission [&hellip;]<\/p>\n","protected":false},"author":1,"featured_media":0,"parent":0,"menu_order":0,"comment_status":"closed","ping_status":"closed","template":"","meta":{"_monsterinsights_skip_tracking":false,"_monsterinsights_sitenote_active":false,"_monsterinsights_sitenote_note":"","_monsterinsights_sitenote_category":0,"_uf_show_specific_survey":0,"_uf_disable_surveys":false,"footnotes":""},"class_list":["post-2485","page","type-page","status-publish","hentry"],"aioseo_notices":[],"_links":{"self":[{"href":"https:\/\/sphere-amenagement.fr\/index.php\/wp-json\/wp\/v2\/pages\/2485","targetHints":{"allow":["GET"]}}],"collection":[{"href":"https:\/\/sphere-amenagement.fr\/index.php\/wp-json\/wp\/v2\/pages"}],"about":[{"href":"https:\/\/sphere-amenagement.fr\/index.php\/wp-json\/wp\/v2\/types\/page"}],"author":[{"embeddable":true,"href":"https:\/\/sphere-amenagement.fr\/index.php\/wp-json\/wp\/v2\/users\/1"}],"replies":[{"embeddable":true,"href":"https:\/\/sphere-amenagement.fr\/index.php\/wp-json\/wp\/v2\/comments?post=2485"}],"version-history":[{"count":11,"href":"https:\/\/sphere-amenagement.fr\/index.php\/wp-json\/wp\/v2\/pages\/2485\/revisions"}],"predecessor-version":[{"id":4923,"href":"https:\/\/sphere-amenagement.fr\/index.php\/wp-json\/wp\/v2\/pages\/2485\/revisions\/4923"}],"wp:attachment":[{"href":"https:\/\/sphere-amenagement.fr\/index.php\/wp-json\/wp\/v2\/media?parent=2485"}],"curies":[{"name":"wp","href":"https:\/\/api.w.org\/{rel}","templated":true}]}}