{"id":2542,"date":"2020-05-15T11:03:53","date_gmt":"2020-05-15T11:03:53","guid":{"rendered":"http:\/\/localhost\/theratio\/?page_id=2542"},"modified":"2025-05-21T11:15:53","modified_gmt":"2025-05-21T09:15:53","slug":"mobilier","status":"publish","type":"page","link":"https:\/\/sphere-amenagement.fr\/index.php\/mobilier\/","title":{"rendered":"Mobilier"},"content":{"rendered":"\t\t<div data-elementor-type=\"wp-page\" data-elementor-id=\"2542\" class=\"elementor elementor-2542\">\n\t\t\t\t\t\t<section class=\"elementor-section elementor-top-section elementor-element elementor-element-8e29eb5 elementor-section-boxed elementor-section-height-default elementor-section-height-default\" data-id=\"8e29eb5\" data-element_type=\"section\">\n\t\t\t\t\t\t<div class=\"elementor-container elementor-column-gap-extended\">\n\t\t\t\t\t<div class=\"elementor-column elementor-col-50 elementor-top-column elementor-element elementor-element-28559c4 ot-flex-column-vertical\" data-id=\"28559c4\" data-element_type=\"column\">\n\t\t\t<div class=\"elementor-widget-wrap elementor-element-populated\">\n\t\t\t\t\t\t<div class=\"elementor-element elementor-element-bfb3243 widget-area elementor-widget elementor-widget-sidebar\" data-id=\"bfb3243\" data-element_type=\"widget\" data-widget_type=\"sidebar.default\">\n\t\t\t\t<div class=\"elementor-widget-container\">\n\t\t\t\t\t<section id=\"nav_menu-1\" class=\"widget widget_nav_menu\"><div class=\"menu-menu-one-page-container\"><ul id=\"menu-menu-one-page\" class=\"menu\"><li id=\"menu-item-4860\" class=\"menu-item menu-item-type-post_type menu-item-object-page menu-item-4860\"><a href=\"https:\/\/sphere-amenagement.fr\/index.php\/conseil-conception\/\">Conseil &#038; Conception<\/a><\/li>\n<li id=\"menu-item-4859\" class=\"menu-item menu-item-type-post_type menu-item-object-page menu-item-4859\"><a href=\"https:\/\/sphere-amenagement.fr\/index.php\/realisation\/\">R\u00e9alisation<\/a><\/li>\n<li id=\"menu-item-4858\" class=\"menu-item menu-item-type-post_type menu-item-object-page menu-item-4858\"><a href=\"https:\/\/sphere-amenagement.fr\/index.php\/mobilier\/\">Mobilier<\/a><\/li>\n<li id=\"menu-item-4857\" class=\"menu-item menu-item-type-post_type menu-item-object-page menu-item-4857\"><a href=\"https:\/\/sphere-amenagement.fr\/index.php\/sav-maintenance\/\">SAV &#038; Maintenance<\/a><\/li>\n<\/ul><\/div><\/section>\t\t\t\t<\/div>\n\t\t\t\t<\/div>\n\t\t\t\t\t<\/div>\n\t\t<\/div>\n\t\t\t\t<div class=\"elementor-column elementor-col-50 elementor-top-column elementor-element elementor-element-8aad263 ot-flex-column-vertical\" data-id=\"8aad263\" data-element_type=\"column\">\n\t\t\t<div class=\"elementor-widget-wrap elementor-element-populated\">\n\t\t\t\t\t\t<div class=\"elementor-element elementor-element-557500c elementor-widget elementor-widget-iheading\" data-id=\"557500c\" data-element_type=\"widget\" data-widget_type=\"iheading.default\">\n\t\t\t\t<div class=\"elementor-widget-container\">\n\t\t\t\t\t\t\t<div class=\"ot-heading \">\r\n\t        \t            <span>[ Mobilier ]<\/span>\r\n\t        \t        <h2 class=\"main-heading\">Nous vous \u00e9quipons en mobilier de bureau<\/h2>\r\n\t        \t    <\/div>\r\n\t    \t\t\t\t<\/div>\n\t\t\t\t<\/div>\n\t\t\t\t<div class=\"elementor-element elementor-element-ce13a42 elementor-widget elementor-widget-text-editor\" data-id=\"ce13a42\" data-element_type=\"widget\" data-widget_type=\"text-editor.default\">\n\t\t\t\t<div class=\"elementor-widget-container\">\n\t\t\t\t\t\t\t\t\t<p><strong>Nous vous proposons :<\/strong><\/p><ol><li>Une \u00e9tude personnalis\u00e9e pour l\u2019implantation de votre mobilier de bureau<\/li><li>Une visite de notre showroom et de celui de nos fabricants fran\u00e7ais ou europ\u00e9ens<\/li><li>Un choix multimarque<\/li><\/ol><p>\u00a0<\/p>\t\t\t\t\t\t\t\t<\/div>\n\t\t\t\t<\/div>\n\t\t\t\t<div class=\"elementor-element elementor-element-bcdab04 elementor-widget elementor-widget-theratio-image-carousel\" data-id=\"bcdab04\" data-element_type=\"widget\" data-widget_type=\"theratio-image-carousel.default\">\n\t\t\t\t<div class=\"elementor-widget-container\">\n\t\t\t\t\t\r\n\t\t<div class=\"image-carousel swiper-container\" data-slider_options=\"{&quot;slides_show_desktop&quot;:2,&quot;slides_show_tablet&quot;:2,&quot;slides_show_mobile&quot;:2,&quot;slides_scroll_desktop&quot;:1,&quot;slides_scroll_tablet&quot;:1,&quot;slides_scroll_mobile&quot;:1,&quot;margin_desktop&quot;:30,&quot;margin_tablet&quot;:30,&quot;margin_mobile&quot;:30,&quot;arrows&quot;:true,&quot;dots&quot;:false}\"  >\t\t\t\r\n\t\t\t<div class=\"swiper-wrapper\">\r\n\t\t        <div class=\"swiper-slide\"><div class=\"img-item\"><figure><img decoding=\"async\" src=\"https:\/\/sphere-amenagement.fr\/wp-content\/uploads\/2023\/02\/imb01.jpg\" alt=\"\"><\/figure><\/div><\/div><div class=\"swiper-slide\"><div class=\"img-item\"><figure><img decoding=\"async\" src=\"https:\/\/sphere-amenagement.fr\/wp-content\/uploads\/2023\/02\/imb02.jpg\" alt=\"\"><\/figure><\/div><\/div>\t\t    <\/div>\r\n\r\n\t\t\t\t\t\t\t\t\t<!-- Add Arrows -->\r\n\t\t\t<div class=\"octf-swiper-button-next\"><i class=\"ot-flaticon-right-arrow\"><\/i><\/div>\r\n\t\t\t<div class=\"octf-swiper-button-prev\"><i class=\"ot-flaticon-left-arrow\"><\/i><\/div>\r\n\t\t\t\t    <\/div>\r\n\t\t\t\t\t\t<\/div>\n\t\t\t\t<\/div>\n\t\t\t\t<div class=\"elementor-element elementor-element-0a4086f elementor-widget elementor-widget-text-editor\" data-id=\"0a4086f\" data-element_type=\"widget\" data-widget_type=\"text-editor.default\">\n\t\t\t\t<div class=\"elementor-widget-container\">\n\t\t\t\t\t\t\t\t\t<p><strong>Notre d\u00e9marche int\u00e8gre :<\/strong><\/p><p style=\"margin-bottom: 0px;\">Les 3 notions de Bureaux Outils, Image et Organisationnelle<br \/>&#8211; Le respect des normes environnementales dont l\u2019\u00e9co-contribution (loi du 6\/01\/2012<br \/>sur le Grenelle de l\u2019environnement)<br \/>&#8211; L\u2019\u00e9volution selon les \u00e9tudes men\u00e9es sur l\u2019ergonomie<br \/>&#8211; L\u2019am\u00e9lioration du bien-\u00eatre des collaborateurs (acoustique, s\u00e9curit\u00e9, intimit\u00e9\u2026)<\/p><p style=\"margin-bottom: 0px;\">\u00a0<\/p><p style=\"margin-bottom: 0px;\">\u00a0<\/p><p><strong>Nous vous proposons un large choix de mobilier de bureau r\u00e9pondant \u00e0 vos besoins :<\/strong><\/p><ul><li>Banque d\u2019accueil<\/li><li>Mobilier de direction<\/li><li>Mobilier op\u00e9ratif, individuel ou partag\u00e9<\/li><li>Si\u00e8ges de travail, de r\u00e9union\u2026<\/li><li>Mobilier de collectivit\u00e9<\/li><li>R\u00e9union<\/li><li>Signal\u00e9tique \u2013 accessoires<\/li><li>Classement \u2013 rangement int\u00e9gr\u00e9<\/li><li>Mobilier ext\u00e9rieur<\/li><\/ul>\t\t\t\t\t\t\t\t<\/div>\n\t\t\t\t<\/div>\n\t\t\t\t<div class=\"elementor-element elementor-element-6580f3a elementor-widget elementor-widget-image\" data-id=\"6580f3a\" data-element_type=\"widget\" data-widget_type=\"image.default\">\n\t\t\t\t<div class=\"elementor-widget-container\">\n\t\t\t\t\t\t\t\t\t\t\t\t\t\t\t<img fetchpriority=\"high\" decoding=\"async\" width=\"870\" height=\"520\" src=\"https:\/\/sphere-amenagement.fr\/wp-content\/uploads\/2023\/02\/mobilier2.jpg\" class=\"attachment-full size-full wp-image-4862\" alt=\"\" srcset=\"https:\/\/sphere-amenagement.fr\/wp-content\/uploads\/2023\/02\/mobilier2.jpg 870w, https:\/\/sphere-amenagement.fr\/wp-content\/uploads\/2023\/02\/mobilier2-300x179.jpg 300w, https:\/\/sphere-amenagement.fr\/wp-content\/uploads\/2023\/02\/mobilier2-768x459.jpg 768w\" sizes=\"(max-width: 870px) 100vw, 870px\" \/>\t\t\t\t\t\t\t\t\t\t\t\t\t\t\t<\/div>\n\t\t\t\t<\/div>\n\t\t\t\t\t<\/div>\n\t\t<\/div>\n\t\t\t\t\t<\/div>\n\t\t<\/section>\n\t\t\t\t<section class=\"elementor-section elementor-top-section elementor-element elementor-element-6b6d563 elementor-section-boxed elementor-section-height-default elementor-section-height-default\" data-id=\"6b6d563\" data-element_type=\"section\">\n\t\t\t\t\t\t<div class=\"elementor-container elementor-column-gap-default\">\n\t\t\t\t\t<div class=\"elementor-column elementor-col-100 elementor-top-column elementor-element elementor-element-ca7372f ot-flex-column-vertical\" data-id=\"ca7372f\" data-element_type=\"column\">\n\t\t\t<div class=\"elementor-widget-wrap elementor-element-populated\">\n\t\t\t\t\t\t<div class=\"elementor-element elementor-element-8e790f7 elementor-widget elementor-widget-image\" data-id=\"8e790f7\" data-element_type=\"widget\" data-widget_type=\"image.default\">\n\t\t\t\t<div class=\"elementor-widget-container\">\n\t\t\t\t\t\t\t\t\t\t\t\t\t\t\t<img decoding=\"async\" src=\"https:\/\/sphere-amenagement.fr\/wp-content\/plugins\/elementor\/assets\/images\/placeholder.png\" title=\"\" alt=\"\" loading=\"lazy\" \/>\t\t\t\t\t\t\t\t\t\t\t\t\t\t\t<\/div>\n\t\t\t\t<\/div>\n\t\t\t\t\t<\/div>\n\t\t<\/div>\n\t\t\t\t\t<\/div>\n\t\t<\/section>\n\t\t\t\t<\/div>\n\t\t","protected":false},"excerpt":{"rendered":"<p>[ Mobilier ] Nous vous \u00e9quipons en mobilier de bureau Nous vous proposons : Une \u00e9tude personnalis\u00e9e pour l\u2019implantation de votre mobilier de bureau Une visite de notre showroom et de celui de nos fabricants fran\u00e7ais ou europ\u00e9ens Un choix multimarque \u00a0 Notre d\u00e9marche int\u00e8gre : Les 3 notions de Bureaux Outils, Image et Organisationnelle&#8211; [&hellip;]<\/p>\n","protected":false},"author":1,"featured_media":0,"parent":0,"menu_order":0,"comment_status":"closed","ping_status":"closed","template":"","meta":{"_monsterinsights_skip_tracking":false,"_monsterinsights_sitenote_active":false,"_monsterinsights_sitenote_note":"","_monsterinsights_sitenote_category":0,"_uf_show_specific_survey":0,"_uf_disable_surveys":false,"footnotes":""},"class_list":["post-2542","page","type-page","status-publish","hentry"],"aioseo_notices":[],"_links":{"self":[{"href":"https:\/\/sphere-amenagement.fr\/index.php\/wp-json\/wp\/v2\/pages\/2542","targetHints":{"allow":["GET"]}}],"collection":[{"href":"https:\/\/sphere-amenagement.fr\/index.php\/wp-json\/wp\/v2\/pages"}],"about":[{"href":"https:\/\/sphere-amenagement.fr\/index.php\/wp-json\/wp\/v2\/types\/page"}],"author":[{"embeddable":true,"href":"https:\/\/sphere-amenagement.fr\/index.php\/wp-json\/wp\/v2\/users\/1"}],"replies":[{"embeddable":true,"href":"https:\/\/sphere-amenagement.fr\/index.php\/wp-json\/wp\/v2\/comments?post=2542"}],"version-history":[{"count":11,"href":"https:\/\/sphere-amenagement.fr\/index.php\/wp-json\/wp\/v2\/pages\/2542\/revisions"}],"predecessor-version":[{"id":5224,"href":"https:\/\/sphere-amenagement.fr\/index.php\/wp-json\/wp\/v2\/pages\/2542\/revisions\/5224"}],"wp:attachment":[{"href":"https:\/\/sphere-amenagement.fr\/index.php\/wp-json\/wp\/v2\/media?parent=2542"}],"curies":[{"name":"wp","href":"https:\/\/api.w.org\/{rel}","templated":true}]}}