{"id":4097,"date":"2020-07-15T09:27:09","date_gmt":"2020-07-15T09:27:09","guid":{"rendered":"http:\/\/wpdemo.archiwp.com\/theratio\/?page_id=4097"},"modified":"2025-05-21T11:17:17","modified_gmt":"2025-05-21T09:17:17","slug":"portfolio-classic-3-columns","status":"publish","type":"page","link":"https:\/\/sphere-amenagement.fr\/index.php\/portfolio-classic-3-columns\/","title":{"rendered":"R\u00e9alisations"},"content":{"rendered":"\t\t<div data-elementor-type=\"wp-page\" data-elementor-id=\"4097\" class=\"elementor elementor-4097\">\n\t\t\t\t\t\t<section class=\"elementor-section elementor-top-section elementor-element elementor-element-49f1b86 elementor-section-boxed elementor-section-height-default elementor-section-height-default\" data-id=\"49f1b86\" data-element_type=\"section\">\n\t\t\t\t\t\t<div class=\"elementor-container elementor-column-gap-default\">\n\t\t\t\t\t<div class=\"elementor-column elementor-col-100 elementor-top-column elementor-element elementor-element-2291630 ot-flex-column-vertical\" data-id=\"2291630\" data-element_type=\"column\">\n\t\t\t<div class=\"elementor-widget-wrap elementor-element-populated\">\n\t\t\t\t\t\t<div class=\"elementor-element elementor-element-0e4678c theratio-align-center elementor-widget elementor-widget-iheading\" data-id=\"0e4678c\" data-element_type=\"widget\" data-widget_type=\"iheading.default\">\n\t\t\t\t<div class=\"elementor-widget-container\">\n\t\t\t\t\t\t\t<div class=\"ot-heading \">\r\n\t        \t    <\/div>\r\n\t    \t\t\t\t<\/div>\n\t\t\t\t<\/div>\n\t\t\t\t<div class=\"elementor-element elementor-element-077dd85 elementor-widget elementor-widget-ipfilter\" data-id=\"077dd85\" data-element_type=\"widget\" data-widget_type=\"ipfilter.default\">\n\t\t\t\t<div class=\"elementor-widget-container\">\n\t\t\t\t\t\r\n\t\t<div class=\"project-filter-wrapper\">\r\n\t\t\t\t        \t<div class=\"container\">\r\n\t        \t\t<ul class=\"project_filters\">\r\n\t        \t\t\t\t        \t\t\t \t<li><a href=\"#\" data-filter=\"*\" class=\"selected btn-details\">Tout<span class=\"filter-count\"><\/span><\/a><\/li>\r\n\t        \t\t\t\t\t                \t\t                    <li>\r\n\t\t\t\t\t\t\t\t<a class=\"btn-details\" href='#' data-filter='.category-30'>Bureau<span class=\"filter-count\"><\/span><\/a>\r\n\t\t\t\t\t\t\t<\/li>\t                    \r\n\t\t                \t\t                    <li>\r\n\t\t\t\t\t\t\t\t<a class=\"btn-details\" href='#' data-filter='.category-29'>M\u00e9dicale<span class=\"filter-count\"><\/span><\/a>\r\n\t\t\t\t\t\t\t<\/li>\t                    \r\n\t\t                \t\t\t\t\t<\/ul>\r\n\t\t\t\t<\/div>\r\n\t        \t\t\t\t        <div class=\"projects-grid pf_3_cols style-3 img-scale w-auto\" data-load=\"3\" data-count=\"8\">\r\n\t\t\t<div class=\"grid-sizer\"><\/div>\r\n\t            \r\n<div class=\"project-item category-30 \">\r\n\t<div class=\"projects-box\">\r\n\t\t<div class=\"projects-thumbnail\" data-src=\"https:\/\/sphere-amenagement.fr\/wp-content\/uploads\/2024\/04\/DSC03288-scaled.jpg\" data-sub-html=\"Bureaux Ingeniance Levallois\">\r\n\t\t\t<a href=\"https:\/\/sphere-amenagement.fr\/index.php\/portfolio\/bureaux-ingeniance-levallois\/\">\r\n\t\t\t\t<img fetchpriority=\"high\" decoding=\"async\" width=\"720\" height=\"720\" src=\"https:\/\/sphere-amenagement.fr\/wp-content\/uploads\/2024\/04\/DSC03288-720x720.jpg\" class=\"attachment-theratio-portfolio-thumbnail-grid size-theratio-portfolio-thumbnail-grid wp-post-image\" alt=\"Lobby de l&#039;entreprise Maesa\" srcset=\"https:\/\/sphere-amenagement.fr\/wp-content\/uploads\/2024\/04\/DSC03288-720x720.jpg 720w, https:\/\/sphere-amenagement.fr\/wp-content\/uploads\/2024\/04\/DSC03288-150x150.jpg 150w\" sizes=\"(max-width: 720px) 100vw, 720px\" \/>\t\t\t<\/a>\r\n\t\t\t\r\n\t\t\t<span class=\"overlay\">\r\n\t\t\t\t<h5>Bureaux Ingeniance Levallois<\/h5>\r\n\t\t\t\t<i class=\"ot-flaticon-add\"><\/i>\r\n\t\t\t<\/span>\r\n\t\t<\/div>\r\n\t\t<div class=\"portfolio-info\">\r\n\t\t\t<div class=\"portfolio-info-inner\">\r\n\t\t\t\t<h5><a class=\"title-link\" href=\"https:\/\/sphere-amenagement.fr\/index.php\/portfolio\/bureaux-ingeniance-levallois\/\" data-src=\"https:\/\/sphere-amenagement.fr\/wp-content\/uploads\/2024\/04\/DSC03288-scaled.jpg\" data-sub-html=\"Bureaux Ingeniance Levallois\">Bureaux Ingeniance Levallois<\/a><\/h5>\r\n\t\t\t\t<p class=\"portfolio-cates\"><a href=\"https:\/\/sphere-amenagement.fr\/index.php\/portfolio-category\/bureau\/\">Bureau<\/a><\/p> \r\n\t\t\t<\/div>\r\n\t\t\t<a class=\"overlay\" href=\"https:\/\/sphere-amenagement.fr\/index.php\/portfolio\/bureaux-ingeniance-levallois\/\"><\/a>\r\n\t\t<\/div>\r\n\t<\/div>\r\n<\/div>\r\n<div class=\"project-item category-29 \">\r\n\t<div class=\"projects-box\">\r\n\t\t<div class=\"projects-thumbnail\" data-src=\"https:\/\/sphere-amenagement.fr\/wp-content\/uploads\/2024\/04\/DSC09060-scaled.jpg\" data-sub-html=\"Centre m\u00e9dical Saint Maur\">\r\n\t\t\t<a href=\"https:\/\/sphere-amenagement.fr\/index.php\/portfolio\/centre-medical-saint-maur\/\">\r\n\t\t\t\t<img decoding=\"async\" width=\"720\" height=\"720\" src=\"https:\/\/sphere-amenagement.fr\/wp-content\/uploads\/2024\/04\/DSC09060-720x720.jpg\" class=\"attachment-theratio-portfolio-thumbnail-grid size-theratio-portfolio-thumbnail-grid wp-post-image\" alt=\"Salle d&#039;examen\" srcset=\"https:\/\/sphere-amenagement.fr\/wp-content\/uploads\/2024\/04\/DSC09060-720x720.jpg 720w, https:\/\/sphere-amenagement.fr\/wp-content\/uploads\/2024\/04\/DSC09060-150x150.jpg 150w\" sizes=\"(max-width: 720px) 100vw, 720px\" \/>\t\t\t<\/a>\r\n\t\t\t\r\n\t\t\t<span class=\"overlay\">\r\n\t\t\t\t<h5>Centre m\u00e9dical Saint Maur<\/h5>\r\n\t\t\t\t<i class=\"ot-flaticon-add\"><\/i>\r\n\t\t\t<\/span>\r\n\t\t<\/div>\r\n\t\t<div class=\"portfolio-info\">\r\n\t\t\t<div class=\"portfolio-info-inner\">\r\n\t\t\t\t<h5><a class=\"title-link\" href=\"https:\/\/sphere-amenagement.fr\/index.php\/portfolio\/centre-medical-saint-maur\/\" data-src=\"https:\/\/sphere-amenagement.fr\/wp-content\/uploads\/2024\/04\/DSC09060-scaled.jpg\" data-sub-html=\"Centre m\u00e9dical Saint Maur\">Centre m\u00e9dical Saint Maur<\/a><\/h5>\r\n\t\t\t\t<p class=\"portfolio-cates\"><a href=\"https:\/\/sphere-amenagement.fr\/index.php\/portfolio-category\/medicale\/\">M\u00e9dicale<\/a><\/p> \r\n\t\t\t<\/div>\r\n\t\t\t<a class=\"overlay\" href=\"https:\/\/sphere-amenagement.fr\/index.php\/portfolio\/centre-medical-saint-maur\/\"><\/a>\r\n\t\t<\/div>\r\n\t<\/div>\r\n<\/div>\r\n<div class=\"project-item category-30 \">\r\n\t<div class=\"projects-box\">\r\n\t\t<div class=\"projects-thumbnail\" data-src=\"https:\/\/sphere-amenagement.fr\/wp-content\/uploads\/2023\/09\/DSC07713-scaled.jpg\" data-sub-html=\"Propri\u00e9taire institutionnel\">\r\n\t\t\t<a href=\"https:\/\/sphere-amenagement.fr\/index.php\/portfolio\/proprietaire-institutionnel\/\">\r\n\t\t\t\t<img decoding=\"async\" width=\"720\" height=\"720\" src=\"https:\/\/sphere-amenagement.fr\/wp-content\/uploads\/2023\/09\/DSC07713-720x720.jpg\" class=\"attachment-theratio-portfolio-thumbnail-grid size-theratio-portfolio-thumbnail-grid wp-post-image\" alt=\"\" srcset=\"https:\/\/sphere-amenagement.fr\/wp-content\/uploads\/2023\/09\/DSC07713-720x720.jpg 720w, https:\/\/sphere-amenagement.fr\/wp-content\/uploads\/2023\/09\/DSC07713-150x150.jpg 150w\" sizes=\"(max-width: 720px) 100vw, 720px\" \/>\t\t\t<\/a>\r\n\t\t\t\r\n\t\t\t<span class=\"overlay\">\r\n\t\t\t\t<h5>Propri\u00e9taire institutionnel<\/h5>\r\n\t\t\t\t<i class=\"ot-flaticon-add\"><\/i>\r\n\t\t\t<\/span>\r\n\t\t<\/div>\r\n\t\t<div class=\"portfolio-info\">\r\n\t\t\t<div class=\"portfolio-info-inner\">\r\n\t\t\t\t<h5><a class=\"title-link\" href=\"https:\/\/sphere-amenagement.fr\/index.php\/portfolio\/proprietaire-institutionnel\/\" data-src=\"https:\/\/sphere-amenagement.fr\/wp-content\/uploads\/2023\/09\/DSC07713-scaled.jpg\" data-sub-html=\"Propri\u00e9taire institutionnel\">Propri\u00e9taire institutionnel<\/a><\/h5>\r\n\t\t\t\t<p class=\"portfolio-cates\"><a href=\"https:\/\/sphere-amenagement.fr\/index.php\/portfolio-category\/bureau\/\">Bureau<\/a><\/p> \r\n\t\t\t<\/div>\r\n\t\t\t<a class=\"overlay\" href=\"https:\/\/sphere-amenagement.fr\/index.php\/portfolio\/proprietaire-institutionnel\/\"><\/a>\r\n\t\t<\/div>\r\n\t<\/div>\r\n<\/div>\r\n<div class=\"project-item category-30 \">\r\n\t<div class=\"projects-box\">\r\n\t\t<div class=\"projects-thumbnail\" data-src=\"https:\/\/sphere-amenagement.fr\/wp-content\/uploads\/2023\/05\/DSC03710-scaled.jpg\" data-sub-html=\"Bureau Alcimed\">\r\n\t\t\t<a href=\"https:\/\/sphere-amenagement.fr\/index.php\/portfolio\/bureau-alcimed\/\">\r\n\t\t\t\t<img loading=\"lazy\" decoding=\"async\" width=\"720\" height=\"720\" src=\"https:\/\/sphere-amenagement.fr\/wp-content\/uploads\/2023\/05\/DSC03710-720x720.jpg\" class=\"attachment-theratio-portfolio-thumbnail-grid size-theratio-portfolio-thumbnail-grid wp-post-image\" alt=\"Am\u00e9nagement de bureaux\" srcset=\"https:\/\/sphere-amenagement.fr\/wp-content\/uploads\/2023\/05\/DSC03710-720x720.jpg 720w, https:\/\/sphere-amenagement.fr\/wp-content\/uploads\/2023\/05\/DSC03710-150x150.jpg 150w\" sizes=\"(max-width: 720px) 100vw, 720px\" \/>\t\t\t<\/a>\r\n\t\t\t\r\n\t\t\t<span class=\"overlay\">\r\n\t\t\t\t<h5>Bureau Alcimed<\/h5>\r\n\t\t\t\t<i class=\"ot-flaticon-add\"><\/i>\r\n\t\t\t<\/span>\r\n\t\t<\/div>\r\n\t\t<div class=\"portfolio-info\">\r\n\t\t\t<div class=\"portfolio-info-inner\">\r\n\t\t\t\t<h5><a class=\"title-link\" href=\"https:\/\/sphere-amenagement.fr\/index.php\/portfolio\/bureau-alcimed\/\" data-src=\"https:\/\/sphere-amenagement.fr\/wp-content\/uploads\/2023\/05\/DSC03710-scaled.jpg\" data-sub-html=\"Bureau Alcimed\">Bureau Alcimed<\/a><\/h5>\r\n\t\t\t\t<p class=\"portfolio-cates\"><a href=\"https:\/\/sphere-amenagement.fr\/index.php\/portfolio-category\/bureau\/\">Bureau<\/a><\/p> \r\n\t\t\t<\/div>\r\n\t\t\t<a class=\"overlay\" href=\"https:\/\/sphere-amenagement.fr\/index.php\/portfolio\/bureau-alcimed\/\"><\/a>\r\n\t\t<\/div>\r\n\t<\/div>\r\n<\/div>\r\n<div class=\"project-item category-29 \">\r\n\t<div class=\"projects-box\">\r\n\t\t<div class=\"projects-thumbnail\" data-src=\"https:\/\/sphere-amenagement.fr\/wp-content\/uploads\/2019\/11\/projet-1.jpg\" data-sub-html=\"Maison de sant\u00e9\">\r\n\t\t\t<a href=\"https:\/\/sphere-amenagement.fr\/index.php\/portfolio\/maison-de-sante\/\">\r\n\t\t\t\t<img loading=\"lazy\" decoding=\"async\" width=\"720\" height=\"720\" src=\"https:\/\/sphere-amenagement.fr\/wp-content\/uploads\/2019\/11\/projet-1-720x720.jpg\" class=\"attachment-theratio-portfolio-thumbnail-grid size-theratio-portfolio-thumbnail-grid wp-post-image\" alt=\"\" srcset=\"https:\/\/sphere-amenagement.fr\/wp-content\/uploads\/2019\/11\/projet-1-720x720.jpg 720w, https:\/\/sphere-amenagement.fr\/wp-content\/uploads\/2019\/11\/projet-1-150x150.jpg 150w\" sizes=\"(max-width: 720px) 100vw, 720px\" \/>\t\t\t<\/a>\r\n\t\t\t\r\n\t\t\t<span class=\"overlay\">\r\n\t\t\t\t<h5>Maison de sant\u00e9<\/h5>\r\n\t\t\t\t<i class=\"ot-flaticon-add\"><\/i>\r\n\t\t\t<\/span>\r\n\t\t<\/div>\r\n\t\t<div class=\"portfolio-info\">\r\n\t\t\t<div class=\"portfolio-info-inner\">\r\n\t\t\t\t<h5><a class=\"title-link\" href=\"https:\/\/sphere-amenagement.fr\/index.php\/portfolio\/maison-de-sante\/\" data-src=\"https:\/\/sphere-amenagement.fr\/wp-content\/uploads\/2019\/11\/projet-1.jpg\" data-sub-html=\"Maison de sant\u00e9\">Maison de sant\u00e9<\/a><\/h5>\r\n\t\t\t\t<p class=\"portfolio-cates\"><a href=\"https:\/\/sphere-amenagement.fr\/index.php\/portfolio-category\/medicale\/\">M\u00e9dicale<\/a><\/p> \r\n\t\t\t<\/div>\r\n\t\t\t<a class=\"overlay\" href=\"https:\/\/sphere-amenagement.fr\/index.php\/portfolio\/maison-de-sante\/\"><\/a>\r\n\t\t<\/div>\r\n\t<\/div>\r\n<\/div>\r\n<div class=\"project-item category-30 \">\r\n\t<div class=\"projects-box\">\r\n\t\t<div class=\"projects-thumbnail\" data-src=\"https:\/\/sphere-amenagement.fr\/wp-content\/uploads\/2023\/06\/img-sprinklr.jpg\" data-sub-html=\"Bureau Sprinklr\">\r\n\t\t\t<a href=\"https:\/\/sphere-amenagement.fr\/index.php\/portfolio\/bureau-sprinklr\/\">\r\n\t\t\t\t<img loading=\"lazy\" decoding=\"async\" width=\"720\" height=\"720\" src=\"https:\/\/sphere-amenagement.fr\/wp-content\/uploads\/2023\/06\/img-sprinklr-720x720.jpg\" class=\"attachment-theratio-portfolio-thumbnail-grid size-theratio-portfolio-thumbnail-grid wp-post-image\" alt=\"\" srcset=\"https:\/\/sphere-amenagement.fr\/wp-content\/uploads\/2023\/06\/img-sprinklr-720x720.jpg 720w, https:\/\/sphere-amenagement.fr\/wp-content\/uploads\/2023\/06\/img-sprinklr-150x150.jpg 150w\" sizes=\"(max-width: 720px) 100vw, 720px\" \/>\t\t\t<\/a>\r\n\t\t\t\r\n\t\t\t<span class=\"overlay\">\r\n\t\t\t\t<h5>Bureau Sprinklr<\/h5>\r\n\t\t\t\t<i class=\"ot-flaticon-add\"><\/i>\r\n\t\t\t<\/span>\r\n\t\t<\/div>\r\n\t\t<div class=\"portfolio-info\">\r\n\t\t\t<div class=\"portfolio-info-inner\">\r\n\t\t\t\t<h5><a class=\"title-link\" href=\"https:\/\/sphere-amenagement.fr\/index.php\/portfolio\/bureau-sprinklr\/\" data-src=\"https:\/\/sphere-amenagement.fr\/wp-content\/uploads\/2023\/06\/img-sprinklr.jpg\" data-sub-html=\"Bureau Sprinklr\">Bureau Sprinklr<\/a><\/h5>\r\n\t\t\t\t<p class=\"portfolio-cates\"><a href=\"https:\/\/sphere-amenagement.fr\/index.php\/portfolio-category\/bureau\/\">Bureau<\/a><\/p> \r\n\t\t\t<\/div>\r\n\t\t\t<a class=\"overlay\" href=\"https:\/\/sphere-amenagement.fr\/index.php\/portfolio\/bureau-sprinklr\/\"><\/a>\r\n\t\t<\/div>\r\n\t<\/div>\r\n<\/div>\t\t\t<\/div>\r\n\r\n\t\t\t\t    <\/div>\r\n\t\t\t\t\t\t\t\t\t\t\r\n\t    \t\t\t\t<\/div>\n\t\t\t\t<\/div>\n\t\t\t\t\t<\/div>\n\t\t<\/div>\n\t\t\t\t\t<\/div>\n\t\t<\/section>\n\t\t\t\t<\/div>\n\t\t","protected":false},"excerpt":{"rendered":"<p>Tout Bureau M\u00e9dicale Centre m\u00e9dical Saint Maur Centre m\u00e9dical Saint Maur M\u00e9dicale Propri\u00e9taire institutionnel Propri\u00e9taire institutionnel Bureau Bureau Alcimed Bureau Alcimed Bureau Maison de sant\u00e9 Maison de sant\u00e9 M\u00e9dicale Bureau Sprinklr Bureau Sprinklr Bureau Tour CBX Tour CBX Bureau Centre Ophtalmologique Centre Ophtalmologique M\u00e9dicale<\/p>\n","protected":false},"author":1,"featured_media":0,"parent":0,"menu_order":0,"comment_status":"closed","ping_status":"closed","template":"","meta":{"_monsterinsights_skip_tracking":false,"_monsterinsights_sitenote_active":false,"_monsterinsights_sitenote_note":"","_monsterinsights_sitenote_category":0,"_uf_show_specific_survey":0,"_uf_disable_surveys":false,"footnotes":""},"class_list":["post-4097","page","type-page","status-publish","hentry"],"aioseo_notices":[],"_links":{"self":[{"href":"https:\/\/sphere-amenagement.fr\/index.php\/wp-json\/wp\/v2\/pages\/4097","targetHints":{"allow":["GET"]}}],"collection":[{"href":"https:\/\/sphere-amenagement.fr\/index.php\/wp-json\/wp\/v2\/pages"}],"about":[{"href":"https:\/\/sphere-amenagement.fr\/index.php\/wp-json\/wp\/v2\/types\/page"}],"author":[{"embeddable":true,"href":"https:\/\/sphere-amenagement.fr\/index.php\/wp-json\/wp\/v2\/users\/1"}],"replies":[{"embeddable":true,"href":"https:\/\/sphere-amenagement.fr\/index.php\/wp-json\/wp\/v2\/comments?post=4097"}],"version-history":[{"count":11,"href":"https:\/\/sphere-amenagement.fr\/index.php\/wp-json\/wp\/v2\/pages\/4097\/revisions"}],"predecessor-version":[{"id":5138,"href":"https:\/\/sphere-amenagement.fr\/index.php\/wp-json\/wp\/v2\/pages\/4097\/revisions\/5138"}],"wp:attachment":[{"href":"https:\/\/sphere-amenagement.fr\/index.php\/wp-json\/wp\/v2\/media?parent=4097"}],"curies":[{"name":"wp","href":"https:\/\/api.w.org\/{rel}","templated":true}]}}